{"id":3829,"date":"2025-09-01T10:12:32","date_gmt":"2025-09-01T10:12:32","guid":{"rendered":"https:\/\/nnc.demo.inventiff.agency\/contact\/"},"modified":"2026-04-01T12:26:07","modified_gmt":"2026-04-01T12:26:07","slug":"contact","status":"publish","type":"page","link":"https:\/\/nnc.demo.inventiff.agency\/ro\/contact\/","title":{"rendered":"Contact"},"content":{"rendered":"<p>[et_pb_section fb_built=&#8221;1&#8243; _builder_version=&#8221;4.27.4&#8243; _module_preset=&#8221;default&#8221; global_colors_info=&#8221;{}&#8221;][et_pb_row _builder_version=&#8221;4.27.4&#8243; _module_preset=&#8221;default&#8221; global_colors_info=&#8221;{}&#8221;][et_pb_column type=&#8221;4_4&#8243; _builder_version=&#8221;4.27.4&#8243; _module_preset=&#8221;default&#8221; global_colors_info=&#8221;{}&#8221;][et_pb_code _builder_version=&#8221;4.27.4&#8243; _module_preset=&#8221;default&#8221; global_colors_info=&#8221;{}&#8221;][\/et_pb_code][\/et_pb_column][\/et_pb_row][\/et_pb_section][et_pb_section fb_built=&#8221;1&#8243; module_class=&#8221;contact-section&#8221; _builder_version=&#8221;4.27.4&#8243; _module_preset=&#8221;default&#8221; global_colors_info=&#8221;{}&#8221;][et_pb_row column_structure=&#8221;2_5,3_5&#8243; use_custom_gutter=&#8221;on&#8221; gutter_width=&#8221;1&#8243; module_id=&#8221;contact-form-row&#8221; module_class=&#8221;contact-row&#8221; _builder_version=&#8221;4.27.4&#8243; _module_preset=&#8221;default&#8221; global_colors_info=&#8221;{}&#8221;][et_pb_column type=&#8221;2_5&#8243; module_class=&#8221;text-col&#8221; _builder_version=&#8221;4.27.4&#8243; _module_preset=&#8221;default&#8221; global_colors_info=&#8221;{}&#8221;][et_pb_heading title=&#8221;HAI S\u0102 NE CUNOA\u0218TEM!&#8221; _builder_version=&#8221;4.27.4&#8243; _module_preset=&#8221;default&#8221; global_colors_info=&#8221;{}&#8221;][\/et_pb_heading][et_pb_code _builder_version=&#8221;4.27.4&#8243; _module_preset=&#8221;default&#8221; global_colors_info=&#8221;{}&#8221;]<pee class=\"cta-text-big\">Vrei s\u0103-\u021bi cre\u0219ti afacerea, s\u0103-\u021bi optimizezi strategia de marketing sau s\u0103 explorezi noi oportunit\u0103\u021bi?<\/pee><!-- [et_pb_line_break_holder] --><pee class=\"cta-text-small\">Contacteaz\u0103 echipa NNC Services pentru a discuta despre cum te putem ajuta s\u0103-\u021bi atingi obiectivele. Completeaz\u0103 formularul de mai jos \u0219i hai s\u0103 ne cunoa\u0219tem. <\/pee><!-- [et_pb_line_break_holder] -->[\/et_pb_code][\/et_pb_column][et_pb_column type=&#8221;3_5&#8243; module_class=&#8221;form-col&#8221; _builder_version=&#8221;4.27.4&#8243; _module_preset=&#8221;default&#8221; global_colors_info=&#8221;{}&#8221;][dsm_contact_form_7 cf7_library=&#8221;1371&#8243; module_class=&#8221;form&#8221; _builder_version=&#8221;4.27.4&#8243; _module_preset=&#8221;default&#8221; global_colors_info=&#8221;{}&#8221;][\/dsm_contact_form_7][\/et_pb_column][\/et_pb_row][et_pb_row use_custom_gutter=&#8221;on&#8221; gutter_width=&#8221;1&#8243; module_id=&#8221;contact-form-success-row&#8221; _builder_version=&#8221;4.27.4&#8243; _module_preset=&#8221;default&#8221; global_colors_info=&#8221;{}&#8221;][et_pb_column type=&#8221;4_4&#8243; _builder_version=&#8221;4.27.4&#8243; _module_preset=&#8221;default&#8221; global_colors_info=&#8221;{}&#8221;][et_pb_heading title=&#8221;V\u0103 mul\u021bumim c\u0103 ne-a\u021bi contactat!&#8221; _builder_version=&#8221;4.27.4&#8243; _module_preset=&#8221;default&#8221; locked=&#8221;off&#8221; global_colors_info=&#8221;{}&#8221;][\/et_pb_heading][et_pb_code _builder_version=&#8221;4.27.4&#8243; _module_preset=&#8221;default&#8221; locked=&#8221;off&#8221; global_colors_info=&#8221;{}&#8221;]<pee class=\"cta-text-big\">Mul\u021bumim pentru mesaj! Un consultant NNC Services te va contacta \u00een cel mai scurt timp.<\/pee><!-- [et_pb_line_break_holder] -->[\/et_pb_code][et_pb_code _builder_version=&#8221;4.27.4&#8243; _module_preset=&#8221;default&#8221; global_colors_info=&#8221;{}&#8221;]  <a class=\"et_pb_button primary-button\" href=\"\/\">\u00ceNAPOI LA PAGINA PRINCIPAL\u0102<\/a><!-- [et_pb_line_break_holder] -->[\/et_pb_code][\/et_pb_column][\/et_pb_row][et_pb_row use_custom_gutter=&#8221;on&#8221; gutter_width=&#8221;1&#8243; module_id=&#8221;contact-form-error-row&#8221; _builder_version=&#8221;4.27.4&#8243; _module_preset=&#8221;default&#8221; global_colors_info=&#8221;{}&#8221;][et_pb_column type=&#8221;4_4&#8243; _builder_version=&#8221;4.27.4&#8243; _module_preset=&#8221;default&#8221; global_colors_info=&#8221;{}&#8221;][et_pb_heading title=&#8221;Ups! Ceva nu a func\u021bionat corect. &#8221; _builder_version=&#8221;4.27.4&#8243; _module_preset=&#8221;default&#8221; locked=&#8221;off&#8221; global_colors_info=&#8221;{}&#8221;][\/et_pb_heading][et_pb_code _builder_version=&#8221;4.27.4&#8243; _module_preset=&#8221;default&#8221; locked=&#8221;off&#8221; global_colors_info=&#8221;{}&#8221;]<pee class=\"cta-text-big\">Te rug\u0103m s\u0103 verifici formularul \u0219i s\u0103 \u00eencerci din nou. Dac\u0103 problema persist\u0103, trimite-ne un e-mail direct la <a href=\"mailto:office@nnc-services.com\">office@nnc-services.com<\/a>. <\/pee><!-- [et_pb_line_break_holder] --><!-- [et_pb_line_break_holder] -->[\/et_pb_code][et_pb_code _builder_version=&#8221;4.27.4&#8243; _module_preset=&#8221;default&#8221; global_colors_info=&#8221;{}&#8221;]  <a class=\"et_pb_button primary-button\" href=\"\/\">\u00ceNAPOI LA PAGINA PRINCIPAL\u0102<\/a><!-- [et_pb_line_break_holder] -->[\/et_pb_code][\/et_pb_column][\/et_pb_row][\/et_pb_section][et_pb_section fb_built=&#8221;1&#8243; module_class=&#8221;locations-section&#8221; _builder_version=&#8221;4.27.4&#8243; _module_preset=&#8221;default&#8221; global_colors_info=&#8221;{}&#8221;][et_pb_row column_structure=&#8221;1_2,1_2&#8243; use_custom_gutter=&#8221;on&#8221; gutter_width=&#8221;1&#8243; module_class=&#8221;headquarters-row&#8221; _builder_version=&#8221;4.27.4&#8243; _module_preset=&#8221;default&#8221; global_colors_info=&#8221;{}&#8221;][et_pb_column type=&#8221;1_2&#8243; _builder_version=&#8221;4.27.4&#8243; _module_preset=&#8221;default&#8221; global_colors_info=&#8221;{}&#8221;][et_pb_code _builder_version=&#8221;4.27.4&#8243; _module_preset=&#8221;default&#8221; hover_enabled=&#8221;0&#8243; global_colors_info=&#8221;{}&#8221; sticky_enabled=&#8221;0&#8243;]<\/p>\n<h6 class=\"city\">Bucure\u0219ti, Rom\u00e2nia<\/h6>\n<p><!-- [et_pb_line_break_holder] --><\/p>\n<div class=\"icon-list\"><!-- [et_pb_line_break_holder] -->  <\/p>\n<div class=\"icon-item\"><!-- [et_pb_line_break_holder] -->    <img decoding=\"async\" class=\"icon\" src=\"\/wp-content\/uploads\/2025\/09\/tabler-icon-map-pin.svg\" alt=\"pictogram\u0103\"><!-- [et_pb_line_break_holder] -->    <span>Calea Floreasca 169, 014459 Bucure\u0219ti, Rom\u00e2nia<\/span><!-- [et_pb_line_break_holder] -->  <\/div>\n<p><!-- [et_pb_line_break_holder] -->  <\/p>\n<div class=\"icon-item\"><!-- [et_pb_line_break_holder] -->    <img decoding=\"async\" class=\"icon\" src=\"\/wp-content\/uploads\/2025\/09\/tabler-icon-device-mobile.svg\" alt=\"pictogram\u0103\"><!-- [et_pb_line_break_holder] -->    <a href=\"tel:+40213135685\">+4 021 313 56 85<\/a><!-- [et_pb_line_break_holder] -->  <\/div>\n<p><!-- [et_pb_line_break_holder] -->  <\/p>\n<div class=\"icon-item\"><!-- [et_pb_line_break_holder] -->    <img decoding=\"async\" class=\"icon\" src=\"\/wp-content\/uploads\/2025\/09\/tabler-icon-inbox.svg\" alt=\"pictogram\u0103\"><!-- [et_pb_line_break_holder] -->    <a href=\"mailto:office@nnc-services.com\">office@nnc-services.com<\/a><!-- [et_pb_line_break_holder] -->  <\/div>\n<p><!-- [et_pb_line_break_holder] --><\/div>\n<p>[\/et_pb_code][\/et_pb_column][et_pb_column type=&#8221;1_2&#8243; _builder_version=&#8221;4.27.4&#8243; _module_preset=&#8221;default&#8221; global_colors_info=&#8221;{}&#8221;][et_pb_image src=&#8221;https:\/\/nnc.demo.inventiff.agency\/wp-content\/uploads\/2026\/02\/bucharest.png&#8221; alt=&#8221;Bucure\u0219ti&#8221; title_text=&#8221;bucure\u0219ti&#8221; module_class=&#8221;location-img&#8221; _builder_version=&#8221;4.27.4&#8243; _module_preset=&#8221;default&#8221; global_colors_info=&#8221;{}&#8221;][\/et_pb_image][\/et_pb_column][\/et_pb_row][et_pb_row column_structure=&#8221;1_3,1_3,1_3&#8243; use_custom_gutter=&#8221;on&#8221; gutter_width=&#8221;1&#8243; module_class=&#8221;locations-row&#8221; _builder_version=&#8221;4.27.4&#8243; _module_preset=&#8221;default&#8221; global_colors_info=&#8221;{}&#8221;][et_pb_column type=&#8221;1_3&#8243; module_class=&#8221;location-col&#8221; _builder_version=&#8221;4.27.4&#8243; _module_preset=&#8221;default&#8221; global_colors_info=&#8221;{}&#8221;][et_pb_image src=&#8221;https:\/\/nnc.demo.inventiff.agency\/wp-content\/uploads\/2026\/02\/iasi.png&#8221; alt=&#8221;Ia\u0219i&#8221; title_text=&#8221;ia\u0219i&#8221; module_class=&#8221;location-img&#8221; _builder_version=&#8221;4.27.4&#8243; _module_preset=&#8221;default&#8221; global_colors_info=&#8221;{}&#8221;][\/et_pb_image][et_pb_code _builder_version=&#8221;4.27.4&#8243; _module_preset=&#8221;default&#8221; hover_enabled=&#8221;0&#8243; global_colors_info=&#8221;{}&#8221; sticky_enabled=&#8221;0&#8243;]<\/p>\n<h6 class=\"city\">Ia\u0219i, Rom\u00e2nia<\/h6>\n<p><!-- [et_pb_line_break_holder] --><\/p>\n<div class=\"icon-list\"><!-- [et_pb_line_break_holder] -->  <\/p>\n<div class=\"icon-item\"><!-- [et_pb_line_break_holder] -->    <img decoding=\"async\" class=\"icon\" src=\"\/wp-content\/uploads\/2025\/09\/tabler-icon-map-pin.svg\" alt=\"pictogram\u0103\"><!-- [et_pb_line_break_holder] -->    <span>Str. Buna Vestire, nr. 2, Etaj 1, Ia\u0219i, Rom\u00e2nia <\/span><!-- [et_pb_line_break_holder] -->  <\/div>\n<p><!-- [et_pb_line_break_holder] -->  <\/p>\n<div class=\"icon-item\"><!-- [et_pb_line_break_holder] -->    <img decoding=\"async\" class=\"icon\" src=\"\/wp-content\/uploads\/2025\/09\/tabler-icon-device-mobile.svg\" alt=\"pictogram\u0103\"><!-- [et_pb_line_break_holder] -->    <a href=\"tel:+40232219770\">+4 023 221 97 70<\/a><!-- [et_pb_line_break_holder] -->  <\/div>\n<p><!-- [et_pb_line_break_holder] -->  <\/p>\n<div class=\"icon-item\"><!-- [et_pb_line_break_holder] -->    <img decoding=\"async\" class=\"icon\" src=\"\/wp-content\/uploads\/2025\/09\/tabler-icon-inbox.svg\" alt=\"pictogram\u0103\"><!-- [et_pb_line_break_holder] -->    <a href=\"mailto:office@nnc-services.com\">office@nnc-services.com<\/a><!-- [et_pb_line_break_holder] -->  <\/div>\n<p><!-- [et_pb_line_break_holder] --><\/div>\n<p>[\/et_pb_code][\/et_pb_column][et_pb_column type=&#8221;1_3&#8243; module_class=&#8221;location-col&#8221; _builder_version=&#8221;4.27.4&#8243; _module_preset=&#8221;default&#8221; global_colors_info=&#8221;{}&#8221;][et_pb_image src=&#8221;https:\/\/nnc.demo.inventiff.agency\/wp-content\/uploads\/2026\/02\/cluj-1.png&#8221; alt=&#8221;Cluj-Napoca&#8221; title_text=&#8221;cluj&#8221; module_class=&#8221;location-img&#8221; _builder_version=&#8221;4.27.4&#8243; _module_preset=&#8221;default&#8221; global_colors_info=&#8221;{}&#8221;][\/et_pb_image][et_pb_code _builder_version=&#8221;4.27.4&#8243; _module_preset=&#8221;default&#8221; global_colors_info=&#8221;{}&#8221;]<\/p>\n<h6 class=\"city\">Cluj-Napoca, Rom\u00e2nia<\/h6>\n<p><!-- [et_pb_line_break_holder] --><\/p>\n<div class=\"icon-list\"><!-- [et_pb_line_break_holder] -->  <\/p>\n<div class=\"icon-item\"><!-- [et_pb_line_break_holder] -->    <img decoding=\"async\" class=\"icon\" src=\"\/wp-content\/uploads\/2025\/09\/tabler-icon-map-pin.svg\" alt=\"pictogram\u0103\"><!-- [et_pb_line_break_holder] -->    <span>Str. Fabricii de Zah\u0103r 82C, Cluj-Napoca, Rom\u00e2nia<\/span><!-- [et_pb_line_break_holder] -->  <\/div>\n<p><!-- [et_pb_line_break_holder] -->  <\/p>\n<div class=\"icon-item\"><!-- [et_pb_line_break_holder] -->    <img decoding=\"async\" class=\"icon\" src=\"\/wp-content\/uploads\/2025\/09\/tabler-icon-device-mobile.svg\" alt=\"pictogram\u0103\"><!-- [et_pb_line_break_holder] -->    <a href=\"tel:+40213135685\">+4 021 313 56 85<\/a><!-- [et_pb_line_break_holder] -->  <\/div>\n<p><!-- [et_pb_line_break_holder] -->  <\/p>\n<div class=\"icon-item\"><!-- [et_pb_line_break_holder] -->    <img decoding=\"async\" class=\"icon\" src=\"\/wp-content\/uploads\/2025\/09\/tabler-icon-inbox.svg\" alt=\"pictogram\u0103\"><!-- [et_pb_line_break_holder] -->    <a href=\"mailto:office@nnc-services.com\">office@nnc-services.com<\/a><!-- [et_pb_line_break_holder] -->  <\/div>\n<p><!-- [et_pb_line_break_holder] --><\/div>\n<p>[\/et_pb_code][\/et_pb_column][et_pb_column type=&#8221;1_3&#8243; module_class=&#8221;location-col&#8221; _builder_version=&#8221;4.27.4&#8243; _module_preset=&#8221;default&#8221; global_colors_info=&#8221;{}&#8221;][et_pb_image src=&#8221;https:\/\/nnc.demo.inventiff.agency\/wp-content\/uploads\/2026\/02\/boston-1.png&#8221; alt=&#8221;Ia\u0219i&#8221; title_text=&#8221;boston&#8221; module_class=&#8221;location-img&#8221; _builder_version=&#8221;4.27.4&#8243; _module_preset=&#8221;default&#8221; global_colors_info=&#8221;{}&#8221;][\/et_pb_image][et_pb_code _builder_version=&#8221;4.27.4&#8243; _module_preset=&#8221;default&#8221; global_colors_info=&#8221;{}&#8221;]<\/p>\n<h6 class=\"city\">Boston, MA, SUA<\/h6>\n<p><!-- [et_pb_line_break_holder] --><\/p>\n<div class=\"icon-list\"><!-- [et_pb_line_break_holder] -->  <\/p>\n<div class=\"icon-item\"><!-- [et_pb_line_break_holder] -->    <img decoding=\"async\" class=\"icon\" src=\"\/wp-content\/uploads\/2025\/09\/tabler-icon-map-pin.svg\" alt=\"pictogram\u0103\"><!-- [et_pb_line_break_holder] -->    <span>50 Milk Street, Etajul 16, Boston, MA 02109, Statele Unite<\/span><!-- [et_pb_line_break_holder] -->  <\/div>\n<p><!-- [et_pb_line_break_holder] -->  <\/p>\n<div class=\"icon-item\"><!-- [et_pb_line_break_holder] -->    <img decoding=\"async\" class=\"icon\" src=\"\/wp-content\/uploads\/2025\/09\/tabler-icon-device-mobile.svg\" alt=\"pictogram\u0103\"><!-- [et_pb_line_break_holder] -->    <a href=\"tel:+16178612561\">+1 (617) 861 \u2013 2561<\/a><!-- [et_pb_line_break_holder] -->  <\/div>\n<p><!-- [et_pb_line_break_holder] -->  <\/p>\n<div class=\"icon-item\"><!-- [et_pb_line_break_holder] -->    <img decoding=\"async\" class=\"icon\" src=\"\/wp-content\/uploads\/2025\/09\/tabler-icon-inbox.svg\" alt=\"pictogram\u0103\"><!-- [et_pb_line_break_holder] -->    <a href=\"mailto:office@nnc-services.com\">office@nnc-services.com<\/a><!-- [et_pb_line_break_holder] -->  <\/div>\n<p><!-- [et_pb_line_break_holder] --><\/div>\n<p>[\/et_pb_code][\/et_pb_column][\/et_pb_row][\/et_pb_section]<\/p>\n","protected":false},"excerpt":{"rendered":"<div class=\"et_pb_module dsm_contact_form_7 dsm_contact_form_7_0 form\">\n\t\t\t\t\n\t\t\t\t\n\t\t\t\t\n\t\t\t\t\n\t\t\t\t\n\t\t\t\t\n\t\t\t\t<div class=\"et_pb_module_inner\">\n\t\t\t\t\t<div class=\"\">\n\t\t\t\t\n<div class=\"wpcf7 no-js\" id=\"wpcf7-f3925-o1\" lang=\"ro-RO\" dir=\"ltr\" data-wpcf7-id=\"3925\">\n<div class=\"screen-reader-response\"><p role=\"status\" aria-live=\"polite\" aria-atomic=\"true\"><\/p> <ul><\/ul><\/div>\n<form action=\"\/ro\/wp-json\/wp\/v2\/pages\/3829#wpcf7-f3925-o1\" method=\"post\" class=\"wpcf7-form init 960cfcbaa68f cmatic-conn cmatic-aud-1 cmatic-mapd0-0 cmatic-v0976 cmatic-sent-0 cmatic-total-30\" aria-label=\"Formular de contact\" novalidate=\"novalidate\" data-status=\"init\">\n<fieldset class=\"hidden-fields-container\"><input type=\"hidden\" name=\"_wpcf7\" value=\"3925\" \/><input type=\"hidden\" name=\"_wpcf7_version\" value=\"6.1\" \/><input type=\"hidden\" name=\"_wpcf7_locale\" value=\"ro_RO\" \/><input type=\"hidden\" name=\"_wpcf7_unit_tag\" value=\"wpcf7-f3925-o1\" \/><input type=\"hidden\" name=\"_wpcf7_container_post\" value=\"0\" \/><input type=\"hidden\" name=\"_wpcf7_posted_data_hash\" value=\"\" \/>\n<\/fieldset>\n<div class=\"form-row\">\n\t<div class=\"input-container\">\n\t\t<p><span class=\"wpcf7-form-control-wrap\" data-name=\"first-name\"><input size=\"40\" maxlength=\"400\" class=\"wpcf7-form-control wpcf7-text wpcf7-validates-as-required\" aria-required=\"true\" aria-invalid=\"false\" placeholder=\"Prenume*\" value=\"\" type=\"text\" name=\"first-name\" \/><\/span>\n\t\t<\/p>\n\t<\/div>\n\t<div class=\"input-container\">\n\t\t<p><span class=\"wpcf7-form-control-wrap\" data-name=\"last-name\"><input size=\"40\" maxlength=\"400\" class=\"wpcf7-form-control wpcf7-text wpcf7-validates-as-required\" aria-required=\"true\" aria-invalid=\"false\" placeholder=\"Nume*\" value=\"\" type=\"text\" name=\"last-name\" \/><\/span>\n\t\t<\/p>\n\t<\/div>\n<\/div>\n<div class=\"form-row\">\n\t<div class=\"input-container\">\n\t\t<p><span class=\"wpcf7-form-control-wrap\" data-name=\"your-email\"><input size=\"40\" maxlength=\"400\" class=\"wpcf7-form-control wpcf7-email wpcf7-validates-as-required wpcf7-text wpcf7-validates-as-email\" autocomplete=\"email\" aria-required=\"true\" aria-invalid=\"false\" placeholder=\"E-mail*\" value=\"\" type=\"email\" name=\"your-email\" \/><\/span>\n\t\t<\/p>\n\t<\/div>\n\t<div class=\"input-container\">\n\t\t<p><span class=\"wpcf7-form-control-wrap\" data-name=\"phone\"><input size=\"40\" class=\"wpcf7-form-control wpcf7-phonetext wpcf7-text wpcf7-validates-as-phonetext\" aria-invalid=\"false\" placeholder=\"Telefon*\" value=\"\" type=\"text\" name=\"phone\" \/><input type=\"hidden\" name=\"phone-country-code\" class=\"wpcf7-phonetext-country-code\" \/><\/span>\n\t\t<\/p>\n\t<\/div>\n<\/div>\n<div class=\"input-container\">\n\t<p><span class=\"wpcf7-form-control-wrap\" data-name=\"your-message\"><textarea cols=\"40\" rows=\"10\" maxlength=\"2000\" class=\"wpcf7-form-control wpcf7-textarea wpcf7-validates-as-required\" aria-required=\"true\" aria-invalid=\"false\" placeholder=\"Mesaj*\" name=\"your-message\"><\/textarea><\/span>\n\t<\/p>\n<\/div>\n<div class=\"form-row\">\n\t<div class=\"acceptance-text\">\n\t\t<p>Prin trimiterea acestui formular, sunte\u021bi de acord s\u0103 primi\u021bi comunic\u0103ri din partea NNC Services. V\u0103 pute\u021bi dezabona \u00een orice moment. Consulta\u021bi <a target=\"_blank\" href=\"\/privacy-policy\/\">Politica de confiden\u021bialitate.<\/a>\n\t\t<\/p>\n\t<\/div>\n\t<p><button class=\"wpcf7-form-control wpcf7-submit has-spinner et_pb_button et_pb_bg_layout_light\" type=\"submit\" value=\"Trimite\">Trimite<\/button>\n\t<\/p>\n<\/div><div class=\"wpcf7-response-output\" aria-hidden=\"true\"><\/div>\n<\/form>\n<\/div>\n\n\t\t\t<\/div>\n\t\t\t\t<\/div>\n\t\t\t<\/div>\n","protected":false},"author":1,"featured_media":0,"parent":0,"menu_order":0,"comment_status":"closed","ping_status":"closed","template":"","meta":{"_acf_changed":false,"_et_pb_use_builder":"on","_et_pb_old_content":"","_et_gb_content_width":"","footnotes":""},"class_list":["post-3829","page","type-page","status-publish","hentry"],"acf":[],"_links":{"self":[{"href":"https:\/\/nnc.demo.inventiff.agency\/ro\/wp-json\/wp\/v2\/pages\/3829","targetHints":{"allow":["GET"]}}],"collection":[{"href":"https:\/\/nnc.demo.inventiff.agency\/ro\/wp-json\/wp\/v2\/pages"}],"about":[{"href":"https:\/\/nnc.demo.inventiff.agency\/ro\/wp-json\/wp\/v2\/types\/page"}],"author":[{"embeddable":true,"href":"https:\/\/nnc.demo.inventiff.agency\/ro\/wp-json\/wp\/v2\/users\/1"}],"replies":[{"embeddable":true,"href":"https:\/\/nnc.demo.inventiff.agency\/ro\/wp-json\/wp\/v2\/comments?post=3829"}],"version-history":[{"count":2,"href":"https:\/\/nnc.demo.inventiff.agency\/ro\/wp-json\/wp\/v2\/pages\/3829\/revisions"}],"predecessor-version":[{"id":3833,"href":"https:\/\/nnc.demo.inventiff.agency\/ro\/wp-json\/wp\/v2\/pages\/3829\/revisions\/3833"}],"wp:attachment":[{"href":"https:\/\/nnc.demo.inventiff.agency\/ro\/wp-json\/wp\/v2\/media?parent=3829"}],"curies":[{"name":"wp","href":"https:\/\/api.w.org\/{rel}","templated":true}]}}