{"id":3821,"date":"2025-08-27T05:21:56","date_gmt":"2025-08-27T05:21:56","guid":{"rendered":"https:\/\/nnc.demo.inventiff.agency\/cariere\/"},"modified":"2026-04-01T12:20:38","modified_gmt":"2026-04-01T12:20:38","slug":"cariere","status":"publish","type":"page","link":"https:\/\/nnc.demo.inventiff.agency\/ro\/cariere\/","title":{"rendered":"Cariere"},"content":{"rendered":"<p>[et_pb_section fb_built=&#8221;1&#8243; module_class=&#8221;careers-hero-section&#8221; _builder_version=&#8221;4.27.4&#8243; _module_preset=&#8221;default&#8221; locked=&#8221;off&#8221; global_colors_info=&#8221;{}&#8221;][et_pb_row column_structure=&#8221;1_2,1_2&#8243; module_class=&#8221;careers-hero-row&#8221; _builder_version=&#8221;4.27.4&#8243; _module_preset=&#8221;default&#8221; global_colors_info=&#8221;{}&#8221;][et_pb_column type=&#8221;1_2&#8243; module_class=&#8221;text-column&#8221; _builder_version=&#8221;4.27.4&#8243; _module_preset=&#8221;default&#8221; global_colors_info=&#8221;{}&#8221;][et_pb_heading title=&#8221;Trimite-ne CV-ul!&#8221; _builder_version=&#8221;4.27.4&#8243; _module_preset=&#8221;default&#8221; global_colors_info=&#8221;{}&#8221;][\/et_pb_heading][et_pb_text _builder_version=&#8221;4.27.4&#8243; _module_preset=&#8221;default&#8221; global_colors_info=&#8221;{}&#8221;]<\/p>\n<p>C\u0103ut\u0103m mereu oameni care aduc idei noi, energie \u0219i dorin\u021ba de a ob\u021bine rezultate. Dac\u0103 e\u0219ti pasionat de ceea ce faci \u0219i vrei s\u0103 lucrezi \u00eentr-o echip\u0103 care apreciaz\u0103 ac\u021biunea \u0219i rezultatele, abia a\u0219tept\u0103m s\u0103 te cunoa\u0219tem. <\/p>\n<p>Adu-\u021bi abilit\u0103\u021bile, ambi\u021bia \u0219i, poate, chiar comanda ta preferat\u0103 de cafea. Hai s\u0103 construim ceva remarcabil \u00eempreun\u0103. <\/p>\n<p>[\/et_pb_text][\/et_pb_column][et_pb_column type=&#8221;1_2&#8243; module_class=&#8221;img-column&#8221; _builder_version=&#8221;4.27.4&#8243; _module_preset=&#8221;default&#8221; global_colors_info=&#8221;{}&#8221;][et_pb_image src=&#8221;https:\/\/nnc.demo.inventiff.agency\/wp-content\/uploads\/2025\/08\/careers-hero-img.png&#8221; alt=&#8221;imagine hero cariere&#8221; title_text=&#8221;imagine hero cariere&#8221; _builder_version=&#8221;4.27.4&#8243; _module_preset=&#8221;default&#8221; global_colors_info=&#8221;{}&#8221;][\/et_pb_image][\/et_pb_column][\/et_pb_row][\/et_pb_section][et_pb_section fb_built=&#8221;1&#8243; module_class=&#8221;careers-positions-section&#8221; _builder_version=&#8221;4.27.4&#8243; _module_preset=&#8221;default&#8221; global_colors_info=&#8221;{}&#8221;][et_pb_row use_custom_gutter=&#8221;on&#8221; gutter_width=&#8221;1&#8243; module_class=&#8221;section-title&#8221; _builder_version=&#8221;4.27.4&#8243; _module_preset=&#8221;default&#8221; width=&#8221;100%&#8221; max_width=&#8221;1400px&#8221; hover_enabled=&#8221;0&#8243; global_colors_info=&#8221;{}&#8221; sticky_enabled=&#8221;0&#8243;][et_pb_column type=&#8221;4_4&#8243; _builder_version=&#8221;4.27.4&#8243; _module_preset=&#8221;default&#8221; global_colors_info=&#8221;{}&#8221;][et_pb_code _builder_version=&#8221;4.27.4&#8243; _module_preset=&#8221;default&#8221; global_colors_info=&#8221;{}&#8221;]<\/p>\n<div class=\"section-title\"><!-- [et_pb_line_break_holder] -->  <\/p>\n<h2>POZI\u021aII DESCHISE<\/h2>\n<p><!-- [et_pb_line_break_holder] -->\t<\/p>\n<div class=\"title-divider\"><\/div>\n<p><!-- [et_pb_line_break_holder] --><\/div>\n<p><!-- [et_pb_line_break_holder] -->[\/et_pb_code][\/et_pb_column][\/et_pb_row][et_pb_row _builder_version=&#8221;4.27.4&#8243; _module_preset=&#8221;default&#8221; module_class=&#8221;job-posts-row&#8221; hover_enabled=&#8221;0&#8243; sticky_enabled=&#8221;0&#8243;][et_pb_column _builder_version=&#8221;4.27.4&#8243; _module_preset=&#8221;default&#8221; type=&#8221;4_4&#8243;][et_pb_blog post_type=&#8221;job&#8221; posts_number=&#8221;-1&#8243; show_more=&#8221;on&#8221; show_author=&#8221;off&#8221; show_date=&#8221;off&#8221; show_categories=&#8221;off&#8221; show_pagination=&#8221;off&#8221; module_class=&#8221;jobs-grid mt2 mb4&#8243; _builder_version=&#8221;4.27.4&#8243; _module_preset=&#8221;default&#8221; header_level=&#8221;h5&#8243; global_colors_info=&#8221;{}&#8221;][\/et_pb_blog][\/et_pb_column][\/et_pb_row][\/et_pb_section]<\/p>\n","protected":false},"excerpt":{"rendered":"<p>C\u0103ut\u0103m mereu oameni care aduc idei noi, energie \u0219i dorin\u021ba de a ob\u021bine rezultate. Dac\u0103 e\u0219ti pasionat de ceea ce faci \u0219i vrei s\u0103 lucrezi \u00eentr-o echip\u0103 care apreciaz\u0103 ac\u021biunea \u0219i rezultatele, abia a\u0219tept\u0103m s\u0103 te cunoa\u0219tem. Adu-\u021bi abilit\u0103\u021bile, ambi\u021bia \u0219i, poate, chiar comanda ta preferat\u0103 de cafea. Hai s\u0103 construim ceva remarcabil \u00eempreun\u0103.<\/p>\n","protected":false},"author":1,"featured_media":0,"parent":0,"menu_order":0,"comment_status":"closed","ping_status":"closed","template":"","meta":{"_acf_changed":false,"_et_pb_use_builder":"on","_et_pb_old_content":"","_et_gb_content_width":"","footnotes":""},"class_list":["post-3821","page","type-page","status-publish","hentry"],"acf":[],"_links":{"self":[{"href":"https:\/\/nnc.demo.inventiff.agency\/ro\/wp-json\/wp\/v2\/pages\/3821","targetHints":{"allow":["GET"]}}],"collection":[{"href":"https:\/\/nnc.demo.inventiff.agency\/ro\/wp-json\/wp\/v2\/pages"}],"about":[{"href":"https:\/\/nnc.demo.inventiff.agency\/ro\/wp-json\/wp\/v2\/types\/page"}],"author":[{"embeddable":true,"href":"https:\/\/nnc.demo.inventiff.agency\/ro\/wp-json\/wp\/v2\/users\/1"}],"replies":[{"embeddable":true,"href":"https:\/\/nnc.demo.inventiff.agency\/ro\/wp-json\/wp\/v2\/comments?post=3821"}],"version-history":[{"count":2,"href":"https:\/\/nnc.demo.inventiff.agency\/ro\/wp-json\/wp\/v2\/pages\/3821\/revisions"}],"predecessor-version":[{"id":3824,"href":"https:\/\/nnc.demo.inventiff.agency\/ro\/wp-json\/wp\/v2\/pages\/3821\/revisions\/3824"}],"wp:attachment":[{"href":"https:\/\/nnc.demo.inventiff.agency\/ro\/wp-json\/wp\/v2\/media?parent=3821"}],"curies":[{"name":"wp","href":"https:\/\/api.w.org\/{rel}","templated":true}]}}